{"id":148,"date":"2023-05-20T20:37:46","date_gmt":"2023-05-21T01:37:46","guid":{"rendered":"https:\/\/rccgjhsherbrooke.org\/?page_id=148"},"modified":"2025-10-19T12:02:19","modified_gmt":"2025-10-19T16:02:19","slug":"plan-your-visit","status":"publish","type":"page","link":"https:\/\/rccgjhsherbrooke.org\/fr\/plan-your-visit\/","title":{"rendered":"Planifiez votre visite"},"content":{"rendered":"<div data-elementor-type=\"wp-page\" data-elementor-id=\"148\" class=\"elementor elementor-148\">\n\t\t\t\t\t\t<section class=\"elementor-section elementor-top-section elementor-element elementor-element-34ddee02 elementor-section-height-min-height elementor-section-boxed elementor-section-height-default elementor-section-items-middle\" data-id=\"34ddee02\" data-element_type=\"section\" data-e-type=\"section\" data-settings=\"{&quot;background_background&quot;:&quot;classic&quot;}\">\n\t\t\t\t\t\t\t<div class=\"elementor-background-overlay\"><\/div>\n\t\t\t\t\t\t\t<div class=\"elementor-container elementor-column-gap-no\">\n\t\t\t\t\t<div class=\"elementor-column elementor-col-100 elementor-top-column elementor-element elementor-element-86f847e\" data-id=\"86f847e\" data-element_type=\"column\" data-e-type=\"column\" data-settings=\"{&quot;background_background&quot;:&quot;classic&quot;}\">\n\t\t\t<div class=\"elementor-widget-wrap elementor-element-populated\">\n\t\t\t\t\t\t<div class=\"elementor-element elementor-element-153ac98 elementor-widget elementor-widget-heading\" data-id=\"153ac98\" data-element_type=\"widget\" data-e-type=\"widget\" data-widget_type=\"heading.default\">\n\t\t\t\t<div class=\"elementor-widget-container\">\n\t\t\t\t\t<h1 class=\"elementor-heading-title elementor-size-default\">Planifiez votre visite<\/h1>\t\t\t\t<\/div>\n\t\t\t\t<\/div>\n\t\t\t\t<div class=\"elementor-element elementor-element-be38a14 elementor-widget elementor-widget-heading\" data-id=\"be38a14\" data-element_type=\"widget\" data-e-type=\"widget\" data-widget_type=\"heading.default\">\n\t\t\t\t<div class=\"elementor-widget-container\">\n\t\t\t\t\t<h5 class=\"elementor-heading-title elementor-size-default\">575B Rue de l'Union,<br> Sherbrooke, QC<br> J1H 2X5<b><br><\/b>Culte de 9h30<br>\ntous les dimanches matin<\/h5>\t\t\t\t<\/div>\n\t\t\t\t<\/div>\n\t\t\t\t\t<\/div>\n\t\t<\/div>\n\t\t\t\t\t<\/div>\n\t\t<\/section>\n\t\t\t\t<section class=\"elementor-section elementor-top-section elementor-element elementor-element-3381dfa0 elementor-section-boxed elementor-section-height-default elementor-section-height-default\" data-id=\"3381dfa0\" data-element_type=\"section\" data-e-type=\"section\">\n\t\t\t\t\t\t\t<div class=\"elementor-background-overlay\"><\/div>\n\t\t\t\t\t\t\t<div class=\"elementor-container elementor-column-gap-no\">\n\t\t\t\t\t<div class=\"elementor-column elementor-col-50 elementor-top-column elementor-element elementor-element-5114800a\" data-id=\"5114800a\" data-element_type=\"column\" data-e-type=\"column\">\n\t\t\t<div class=\"elementor-widget-wrap elementor-element-populated\">\n\t\t\t\t\t\t<div class=\"elementor-element elementor-element-228f956 elementor-widget elementor-widget-heading\" data-id=\"228f956\" data-element_type=\"widget\" data-e-type=\"widget\" data-widget_type=\"heading.default\">\n\t\t\t\t<div class=\"elementor-widget-container\">\n\t\t\t\t\t<h3 class=\"elementor-heading-title elementor-size-default\">Apprendre \u00e0 se conna\u00eetre\n<\/h3>\t\t\t\t<\/div>\n\t\t\t\t<\/div>\n\t\t\t\t<section class=\"elementor-section elementor-inner-section elementor-element elementor-element-3c558a3 elementor-section-boxed elementor-section-height-default elementor-section-height-default\" data-id=\"3c558a3\" data-element_type=\"section\" data-e-type=\"section\">\n\t\t\t\t\t\t<div class=\"elementor-container elementor-column-gap-default\">\n\t\t\t\t\t<div class=\"elementor-column elementor-col-50 elementor-inner-column elementor-element elementor-element-7d9991f\" data-id=\"7d9991f\" data-element_type=\"column\" data-e-type=\"column\">\n\t\t\t<div class=\"elementor-widget-wrap elementor-element-populated\">\n\t\t\t\t\t\t<div class=\"elementor-element elementor-element-2b98d1f elementor-widget elementor-widget-image\" data-id=\"2b98d1f\" data-element_type=\"widget\" data-e-type=\"widget\" data-widget_type=\"image.default\">\n\t\t\t\t<div class=\"elementor-widget-container\">\n\t\t\t\t\t\t\t\t\t\t\t\t\t\t\t<img fetchpriority=\"high\" decoding=\"async\" width=\"640\" height=\"640\" src=\"https:\/\/rccgjhsherbrooke.org\/wp-content\/uploads\/2024\/01\/pastor.jpg\" class=\"attachment-large size-large wp-image-345\" alt=\"\" srcset=\"https:\/\/rccgjhsherbrooke.org\/wp-content\/uploads\/2024\/01\/pastor.jpg 640w, https:\/\/rccgjhsherbrooke.org\/wp-content\/uploads\/2024\/01\/pastor-300x300.jpg 300w, https:\/\/rccgjhsherbrooke.org\/wp-content\/uploads\/2024\/01\/pastor-150x150.jpg 150w\" sizes=\"(max-width: 640px) 100vw, 640px\" \/>\t\t\t\t\t\t\t\t\t\t\t\t\t\t\t<\/div>\n\t\t\t\t<\/div>\n\t\t\t\t\t<\/div>\n\t\t<\/div>\n\t\t\t\t<div class=\"elementor-column elementor-col-50 elementor-inner-column elementor-element elementor-element-c234813\" data-id=\"c234813\" data-element_type=\"column\" data-e-type=\"column\">\n\t\t\t<div class=\"elementor-widget-wrap elementor-element-populated\">\n\t\t\t\t\t\t<div class=\"elementor-element elementor-element-456d7190 elementor-widget-mobile__width-auto elementor-widget elementor-widget-text-editor\" data-id=\"456d7190\" data-element_type=\"widget\" data-e-type=\"widget\" data-widget_type=\"text-editor.default\">\n\t\t\t\t<div class=\"elementor-widget-container\">\n\t\t\t\t\t\t\t\t\t<div data-testid=\"richTextElement\">\n<p><span><span>Salut ! Je suis le pasteur Ibeagha.<\/span><\/span><span style=\"color: var( --e-global-color-text ); font-family: var( --e-global-typography-text-font-family ), Sans-serif; font-size: var( --e-global-typography-text-font-size ); font-weight: var( --e-global-typography-text-font-weight );\">Je sais que rencontrer quelqu'un pour la premi\u00e8re fois peut \u00eatre intimidant, et aller dans une nouvelle \u00e9glise pour la premi\u00e8re fois peut \u00eatre stressant. Je veux faire en sorte que votre premi\u00e8re exp\u00e9rience dans notre \u00e9glise soit formidable !<\/span><\/p>\n<\/div>\t\t\t\t\t\t\t\t<\/div>\n\t\t\t\t<\/div>\n\t\t\t\t\t<\/div>\n\t\t<\/div>\n\t\t\t\t\t<\/div>\n\t\t<\/section>\n\t\t\t\t<div class=\"elementor-element elementor-element-854b509 elementor-widget elementor-widget-heading\" data-id=\"854b509\" data-element_type=\"widget\" data-e-type=\"widget\" data-widget_type=\"heading.default\">\n\t\t\t\t<div class=\"elementor-widget-container\">\n\t\t\t\t\t<h5 class=\"elementor-heading-title elementor-size-default\">HORAIRES DE SERVICE R\u00c9GULIERS<\/h5>\t\t\t\t<\/div>\n\t\t\t\t<\/div>\n\t\t\t\t<div class=\"elementor-element elementor-element-15cfc35 elementor-widget elementor-widget-text-editor\" data-id=\"15cfc35\" data-element_type=\"widget\" data-e-type=\"widget\" data-widget_type=\"text-editor.default\">\n\t\t\t\t<div class=\"elementor-widget-container\">\n\t\t\t\t\t\t\t\t\t<div id=\"comp-jwtpnsjy\" class=\"BaOVQ8 tz5f0K comp-jwtpnsjy wixui-rich-text\" data-testid=\"richTextElement\"><p class=\"font_7 wixui-rich-text__text\"><span class=\"wixui-rich-text__text\"><span class=\"color_13 wixui-rich-text__text\">Nous nous r\u00e9unissons tous les dimanches \u00e0 9h30 pour l'\u00e9cole du dimanche et\u00a0<strong>10h00 pour le culte principal.<\/strong><\/span><\/span><\/p><p>Nous rencontrons \u00e9galement tous<strong>\u00a0Mercredi \u00e0 19h pour le culte de milieu de semaine via Zoom.<\/strong><\/p><\/div>\t\t\t\t\t\t\t\t<\/div>\n\t\t\t\t<\/div>\n\t\t\t\t<div class=\"elementor-element elementor-element-3d04c7d elementor-widget elementor-widget-heading\" data-id=\"3d04c7d\" data-element_type=\"widget\" data-e-type=\"widget\" data-widget_type=\"heading.default\">\n\t\t\t\t<div class=\"elementor-widget-container\">\n\t\t\t\t\t<h5 class=\"elementor-heading-title elementor-size-default\">\u00c0 QUOI PUIS-JE M'ATTENDRE<\/h5>\t\t\t\t<\/div>\n\t\t\t\t<\/div>\n\t\t\t\t<div class=\"elementor-element elementor-element-55ecd90 elementor-widget elementor-widget-text-editor\" data-id=\"55ecd90\" data-element_type=\"widget\" data-e-type=\"widget\" data-widget_type=\"text-editor.default\">\n\t\t\t\t<div class=\"elementor-widget-container\">\n\t\t\t\t\t\t\t\t\t<div id=\"comp-jwtpnsjy\" class=\"BaOVQ8 tz5f0K comp-jwtpnsjy wixui-rich-text\" data-testid=\"richTextElement\">\n<p class=\"font_7 wixui-rich-text__text\">Notre culte du dimanche matin dure g\u00e9n\u00e9ralement environ deux heures. Il commence par des chants gospel. Vous n'avez pas besoin de conna\u00eetre les paroles, car elles sont affich\u00e9es sur nos \u00e9crans.<\/p>\n<p>Une fois la partie musicale termin\u00e9e, notre pasteur partagera un message tir\u00e9 de la Parole de Dieu.<\/p>\n<\/div>\t\t\t\t\t\t\t\t<\/div>\n\t\t\t\t<\/div>\n\t\t\t\t<div class=\"elementor-element elementor-element-104e28a elementor-widget elementor-widget-heading\" data-id=\"104e28a\" data-element_type=\"widget\" data-e-type=\"widget\" data-widget_type=\"heading.default\">\n\t\t\t\t<div class=\"elementor-widget-container\">\n\t\t\t\t\t<h5 class=\"elementor-heading-title elementor-size-default\">QUE DOIS-JE PORTER ?<\/h5>\t\t\t\t<\/div>\n\t\t\t\t<\/div>\n\t\t\t\t<div class=\"elementor-element elementor-element-f4582be elementor-widget elementor-widget-text-editor\" data-id=\"f4582be\" data-element_type=\"widget\" data-e-type=\"widget\" data-widget_type=\"text-editor.default\">\n\t\t\t\t<div class=\"elementor-widget-container\">\n\t\t\t\t\t\t\t\t\t<div id=\"comp-jwtpnsjy\" class=\"BaOVQ8 tz5f0K comp-jwtpnsjy wixui-rich-text\" data-testid=\"richTextElement\"><p class=\"font_7 wixui-rich-text__text\">Votre apparence ou votre tenue vestimentaire ne nous int\u00e9ressent pas. Venez comme vous \u00eates et attendez-vous \u00e0 \u00eatre accueilli comme un invit\u00e9 de marque.\u00a0<\/p><\/div>\t\t\t\t\t\t\t\t<\/div>\n\t\t\t\t<\/div>\n\t\t\t\t\t<\/div>\n\t\t<\/div>\n\t\t\t\t<div class=\"elementor-column elementor-col-50 elementor-top-column elementor-element elementor-element-14dcdc21\" data-id=\"14dcdc21\" data-element_type=\"column\" data-e-type=\"column\">\n\t\t\t<div class=\"elementor-widget-wrap elementor-element-populated\">\n\t\t\t\t\t\t<section class=\"elementor-section elementor-inner-section elementor-element elementor-element-5c76b9a7 elementor-section-boxed elementor-section-height-default elementor-section-height-default\" data-id=\"5c76b9a7\" data-element_type=\"section\" data-e-type=\"section\">\n\t\t\t\t\t\t<div class=\"elementor-container elementor-column-gap-default\">\n\t\t\t\t\t<div class=\"elementor-column elementor-col-100 elementor-inner-column elementor-element elementor-element-61215813\" data-id=\"61215813\" data-element_type=\"column\" data-e-type=\"column\" data-settings=\"{&quot;background_background&quot;:&quot;classic&quot;}\">\n\t\t\t<div class=\"elementor-widget-wrap elementor-element-populated\">\n\t\t\t\t\t<div class=\"elementor-background-overlay\"><\/div>\n\t\t\t\t\t\t<div class=\"elementor-element elementor-element-4a919fa4 elementor-widget elementor-widget-heading\" data-id=\"4a919fa4\" data-element_type=\"widget\" data-e-type=\"widget\" data-widget_type=\"heading.default\">\n\t\t\t\t<div class=\"elementor-widget-container\">\n\t\t\t\t\t<h5 class=\"elementor-heading-title elementor-size-default\">Pr\u00e9venez-nous de votre venue<\/h5>\t\t\t\t<\/div>\n\t\t\t\t<\/div>\n\t\t\t\t<div class=\"elementor-element elementor-element-54a6422e elementor-widget elementor-widget-text-editor\" data-id=\"54a6422e\" data-element_type=\"widget\" data-e-type=\"widget\" data-widget_type=\"text-editor.default\">\n\t\t\t\t<div class=\"elementor-widget-container\">\n\t\t\t\t\t\t\t\t\t<p>R\u00e9pondez \u00e0 quelques questions ci-dessous et je m\u2019assurerai de vous accueillir comme un invit\u00e9 de marque \u00e0 votre arriv\u00e9e !<\/p>\t\t\t\t\t\t\t\t<\/div>\n\t\t\t\t<\/div>\n\t\t\t\t<div class=\"elementor-element elementor-element-1875d86b elementor-widget elementor-widget-form\" data-id=\"1875d86b\" data-element_type=\"widget\" data-e-type=\"widget\" data-widget_type=\"form.default\">\n\t\t\t\t<div class=\"elementor-widget-container\">\n\t\t\t\t\t \t\t\t\t<\/div>\n\t\t\t\t<\/div>\n\t\t\t\t\t<\/div>\n\t\t<\/div>\n\t\t\t\t\t<\/div>\n\t\t<\/section>\n\t\t\t\t\t<\/div>\n\t\t<\/div>\n\t\t\t\t\t<\/div>\n\t\t<\/section>\n\t\t\t\t<\/div>","protected":false},"excerpt":{"rendered":"<p>Plan Your Visit 575B Rue de l&#8217;Union, Sherbrooke, QC J1H 2X59:30am Worship Service EVERY SUNDAY Getting to know each other Hey there! I&#8217;m pastor Ibeagha. I know meeting someone for the first time can be intimidating, and going to a new church for the first time can be nerve-racking. I want to help make your [&hellip;]<\/p>\n","protected":false},"author":3,"featured_media":0,"parent":0,"menu_order":0,"comment_status":"closed","ping_status":"closed","template":"","meta":{"footnotes":""},"class_list":["post-148","page","type-page","status-publish","hentry"],"blocksy_meta":[],"_links":{"self":[{"href":"https:\/\/rccgjhsherbrooke.org\/fr\/wp-json\/wp\/v2\/pages\/148","targetHints":{"allow":["GET"]}}],"collection":[{"href":"https:\/\/rccgjhsherbrooke.org\/fr\/wp-json\/wp\/v2\/pages"}],"about":[{"href":"https:\/\/rccgjhsherbrooke.org\/fr\/wp-json\/wp\/v2\/types\/page"}],"author":[{"embeddable":true,"href":"https:\/\/rccgjhsherbrooke.org\/fr\/wp-json\/wp\/v2\/users\/3"}],"replies":[{"embeddable":true,"href":"https:\/\/rccgjhsherbrooke.org\/fr\/wp-json\/wp\/v2\/comments?post=148"}],"version-history":[{"count":40,"href":"https:\/\/rccgjhsherbrooke.org\/fr\/wp-json\/wp\/v2\/pages\/148\/revisions"}],"predecessor-version":[{"id":603,"href":"https:\/\/rccgjhsherbrooke.org\/fr\/wp-json\/wp\/v2\/pages\/148\/revisions\/603"}],"wp:attachment":[{"href":"https:\/\/rccgjhsherbrooke.org\/fr\/wp-json\/wp\/v2\/media?parent=148"}],"curies":[{"name":"wp","href":"https:\/\/api.w.org\/{rel}","templated":true}]}}